{"id":352,"date":"2020-01-20T10:06:50","date_gmt":"2020-01-20T10:06:50","guid":{"rendered":"https:\/\/stefanodichiara.com\/?page_id=352"},"modified":"2025-06-25T11:21:26","modified_gmt":"2025-06-25T11:21:26","slug":"quien-soy","status":"publish","type":"page","link":"https:\/\/stefanodichiara.com\/en\/quien-soy\/","title":{"rendered":"Who am I?"},"content":{"rendered":"<div data-elementor-type=\"wp-page\" data-elementor-id=\"352\" class=\"elementor elementor-352\" data-elementor-post-type=\"page\">\n\t\t\t\t\t\t\t\t\t<section class=\"elementor-section elementor-top-section elementor-element elementor-element-b3a3d79 elementor-section-stretched elementor-section-height-min-height elementor-section-boxed elementor-section-height-default elementor-section-items-middle\" data-id=\"b3a3d79\" data-element_type=\"section\" data-settings=\"{&quot;stretch_section&quot;:&quot;section-stretched&quot;,&quot;background_background&quot;:&quot;classic&quot;}\">\n\t\t\t\t\t\t<div class=\"elementor-container elementor-column-gap-default\">\n\t\t\t\t\t<div class=\"elementor-column elementor-col-100 elementor-top-column elementor-element elementor-element-81e4ddf\" data-id=\"81e4ddf\" data-element_type=\"column\">\n\t\t\t<div class=\"elementor-widget-wrap\">\n\t\t\t\t\t\t\t\t\t<\/div>\n\t\t<\/div>\n\t\t\t\t\t\t\t<\/div>\n\t\t<\/section>\n\t\t\t\t<section class=\"elementor-section elementor-top-section elementor-element elementor-element-9d39cca elementor-section-stretched elementor-section-boxed elementor-section-height-default elementor-section-height-default\" data-id=\"9d39cca\" data-element_type=\"section\" data-settings=\"{&quot;stretch_section&quot;:&quot;section-stretched&quot;,&quot;background_background&quot;:&quot;classic&quot;}\">\n\t\t\t\t\t\t<div class=\"elementor-container elementor-column-gap-wider\">\n\t\t\t\t\t<div class=\"elementor-column elementor-col-50 elementor-top-column elementor-element elementor-element-e85d4d5\" data-id=\"e85d4d5\" data-element_type=\"column\">\n\t\t\t<div class=\"elementor-widget-wrap elementor-element-populated\">\n\t\t\t\t\t\t\t\t<div class=\"elementor-element elementor-element-500fae1 elementor-widget elementor-widget-heading\" data-id=\"500fae1\" data-element_type=\"widget\" data-widget_type=\"heading.default\">\n\t\t\t\t<div class=\"elementor-widget-container\">\n\t\t\t<h2 class=\"elementor-heading-title elementor-size-default\">My story<\/h2>\t\t<\/div>\n\t\t\t\t<\/div>\n\t\t\t\t<div class=\"elementor-element elementor-element-c25a7ce elementor-widget elementor-widget-text-editor\" data-id=\"c25a7ce\" data-element_type=\"widget\" data-widget_type=\"text-editor.default\">\n\t\t\t\t<div class=\"elementor-widget-container\">\n\t\t\t\t\t\t\t<p>Hi, my name is Stefano Dichiara.<\/p><p><br \/>Acting has always been one of my greatest passions. Since I was a child, I watched a lot of movies with my grandfather and I enjoyed creating and playing characters, real or invented. That&#039;s where my love for this profession was born.<br \/>I trained between Italy and abroad, deepening my knowledge of different techniques and approaches.<br \/>I build each character with care and precision, even before arriving on set, to then bring them to life in the various takes and put to good use all the work done in that space suspended between \u201caction\u201d and \u201cstop\u201d.<\/p><p>I especially love playing roles that are far from me, that have a strong story or a message to tell and bring to the public.<\/p>\t\t\t\t\t\t<\/div>\n\t\t\t\t<\/div>\n\t\t\t\t\t<\/div>\n\t\t<\/div>\n\t\t\t\t<div class=\"elementor-column elementor-col-50 elementor-top-column elementor-element elementor-element-ade833b\" data-id=\"ade833b\" data-element_type=\"column\">\n\t\t\t<div class=\"elementor-widget-wrap elementor-element-populated\">\n\t\t\t\t\t\t\t\t<div class=\"elementor-element elementor-element-da5b163 elementor-widget elementor-widget-image\" data-id=\"da5b163\" data-element_type=\"widget\" data-widget_type=\"image.default\">\n\t\t\t\t<div class=\"elementor-widget-container\">\n\t\t\t\t\t\t\t\t\t\t\t\t\t\t\t<img decoding=\"async\" width=\"575\" height=\"1024\" src=\"https:\/\/stefanodichiara.com\/wp-content\/uploads\/2025\/06\/image00135-575x1024.jpeg\" class=\"attachment-large size-large wp-image-2263\" alt=\"\" srcset=\"https:\/\/stefanodichiara.com\/wp-content\/uploads\/2025\/06\/image00135-575x1024.jpeg 575w, https:\/\/stefanodichiara.com\/wp-content\/uploads\/2025\/06\/image00135-169x300.jpeg 169w, https:\/\/stefanodichiara.com\/wp-content\/uploads\/2025\/06\/image00135.jpeg 719w\" sizes=\"(max-width: 575px) 100vw, 575px\" \/>\t\t\t\t\t\t\t\t\t\t\t\t\t\t\t<\/div>\n\t\t\t\t<\/div>\n\t\t\t\t\t<\/div>\n\t\t<\/div>\n\t\t\t\t\t\t\t<\/div>\n\t\t<\/section>\n\t\t\t\t\t\t\t<\/div>","protected":false},"excerpt":{"rendered":"<p>My story Hello, my name is Stefano Dichiara. Acting has always been one of my greatest passions. Since I was a child, I watched a lot of movies with my grandfather and I enjoyed creating and playing characters, real or invented. That&#039;s where my love for this profession was born. I trained [\u2026]<\/p>","protected":false},"author":1,"featured_media":0,"parent":0,"menu_order":0,"comment_status":"closed","ping_status":"closed","template":"elementor_header_footer","meta":{"footnotes":""},"class_list":["post-352","page","type-page","status-publish","hentry"],"yoast_head":"<!-- This site is optimized with the Yoast SEO plugin v25.1 - https:\/\/yoast.com\/wordpress\/plugins\/seo\/ -->\n<title>Quien soy - Stefano Dichiara<\/title>\n<meta name=\"robots\" content=\"index, follow, max-snippet:-1, max-image-preview:large, max-video-preview:-1\" \/>\n<link rel=\"canonical\" href=\"https:\/\/stefanodichiara.com\/en\/quien-soy\/\" \/>\n<meta property=\"og:locale\" content=\"en_GB\" \/>\n<meta property=\"og:type\" content=\"article\" \/>\n<meta property=\"og:title\" content=\"Quien soy - Stefano Dichiara\" \/>\n<meta property=\"og:description\" content=\"La mia storia Ciao, mi chiamo Stefano Dichiara. La recitazione \u00e8 sempre stata una delle mie pi\u00f9 grandi passioni. Fin da piccolo, guardavo molti film insieme a mio nonno e mi divertivo a creare e interpretare personaggi, reali o inventati. \u00c8 proprio da l\u00ec che \u00e8 nato il mio amore per questo mestiere.Mi sono formato [&hellip;]\" \/>\n<meta property=\"og:url\" content=\"https:\/\/stefanodichiara.com\/en\/quien-soy\/\" \/>\n<meta property=\"og:site_name\" content=\"Stefano Dichiara\" \/>\n<meta property=\"article:modified_time\" content=\"2025-06-25T11:21:26+00:00\" \/>\n<meta property=\"og:image\" content=\"https:\/\/stefanodichiara.com\/wp-content\/uploads\/2025\/06\/image00135-575x1024.jpeg\" \/>\n<meta name=\"twitter:card\" content=\"summary_large_image\" \/>\n<meta name=\"twitter:label1\" content=\"Estimated reading time\" \/>\n\t<meta name=\"twitter:data1\" content=\"1 minute\" \/>\n<script type=\"application\/ld+json\" class=\"yoast-schema-graph\">{\"@context\":\"https:\/\/schema.org\",\"@graph\":[{\"@type\":\"WebPage\",\"@id\":\"https:\/\/stefanodichiara.com\/es\/quien-soy\/\",\"url\":\"https:\/\/stefanodichiara.com\/es\/quien-soy\/\",\"name\":\"Quien soy - Stefano Dichiara\",\"isPartOf\":{\"@id\":\"https:\/\/stefanodichiara.com\/#website\"},\"primaryImageOfPage\":{\"@id\":\"https:\/\/stefanodichiara.com\/es\/quien-soy\/#primaryimage\"},\"image\":{\"@id\":\"https:\/\/stefanodichiara.com\/es\/quien-soy\/#primaryimage\"},\"thumbnailUrl\":\"https:\/\/stefanodichiara.com\/wp-content\/uploads\/2025\/06\/image00135-575x1024.jpeg\",\"datePublished\":\"2020-01-20T10:06:50+00:00\",\"dateModified\":\"2025-06-25T11:21:26+00:00\",\"breadcrumb\":{\"@id\":\"https:\/\/stefanodichiara.com\/es\/quien-soy\/#breadcrumb\"},\"inLanguage\":\"en-GB\",\"potentialAction\":[{\"@type\":\"ReadAction\",\"target\":[\"https:\/\/stefanodichiara.com\/es\/quien-soy\/\"]}]},{\"@type\":\"ImageObject\",\"inLanguage\":\"en-GB\",\"@id\":\"https:\/\/stefanodichiara.com\/es\/quien-soy\/#primaryimage\",\"url\":\"https:\/\/stefanodichiara.com\/wp-content\/uploads\/2025\/06\/image00135-575x1024.jpeg\",\"contentUrl\":\"https:\/\/stefanodichiara.com\/wp-content\/uploads\/2025\/06\/image00135-575x1024.jpeg\"},{\"@type\":\"BreadcrumbList\",\"@id\":\"https:\/\/stefanodichiara.com\/es\/quien-soy\/#breadcrumb\",\"itemListElement\":[{\"@type\":\"ListItem\",\"position\":1,\"name\":\"Portada\",\"item\":\"http:\/\/stefanodichiara.com\/\"},{\"@type\":\"ListItem\",\"position\":2,\"name\":\"Quien soy\"}]},{\"@type\":\"WebSite\",\"@id\":\"https:\/\/stefanodichiara.com\/#website\",\"url\":\"https:\/\/stefanodichiara.com\/\",\"name\":\"Stefano Dichiara\",\"description\":\"Actor\",\"potentialAction\":[{\"@type\":\"SearchAction\",\"target\":{\"@type\":\"EntryPoint\",\"urlTemplate\":\"https:\/\/stefanodichiara.com\/?s={search_term_string}\"},\"query-input\":{\"@type\":\"PropertyValueSpecification\",\"valueRequired\":true,\"valueName\":\"search_term_string\"}}],\"inLanguage\":\"en-GB\"}]}<\/script>\n<!-- \/ Yoast SEO plugin. -->","yoast_head_json":{"title":"Quien soy - Stefano Dichiara","robots":{"index":"index","follow":"follow","max-snippet":"max-snippet:-1","max-image-preview":"max-image-preview:large","max-video-preview":"max-video-preview:-1"},"canonical":"https:\/\/stefanodichiara.com\/en\/quien-soy\/","og_locale":"en_GB","og_type":"article","og_title":"Quien soy - Stefano Dichiara","og_description":"La mia storia Ciao, mi chiamo Stefano Dichiara. La recitazione \u00e8 sempre stata una delle mie pi\u00f9 grandi passioni. Fin da piccolo, guardavo molti film insieme a mio nonno e mi divertivo a creare e interpretare personaggi, reali o inventati. \u00c8 proprio da l\u00ec che \u00e8 nato il mio amore per questo mestiere.Mi sono formato [&hellip;]","og_url":"https:\/\/stefanodichiara.com\/en\/quien-soy\/","og_site_name":"Stefano Dichiara","article_modified_time":"2025-06-25T11:21:26+00:00","og_image":[{"url":"https:\/\/stefanodichiara.com\/wp-content\/uploads\/2025\/06\/image00135-575x1024.jpeg","type":"","width":"","height":""}],"twitter_card":"summary_large_image","twitter_misc":{"Estimated reading time":"1 minute"},"schema":{"@context":"https:\/\/schema.org","@graph":[{"@type":"WebPage","@id":"https:\/\/stefanodichiara.com\/es\/quien-soy\/","url":"https:\/\/stefanodichiara.com\/es\/quien-soy\/","name":"Quien soy - Stefano Dichiara","isPartOf":{"@id":"https:\/\/stefanodichiara.com\/#website"},"primaryImageOfPage":{"@id":"https:\/\/stefanodichiara.com\/es\/quien-soy\/#primaryimage"},"image":{"@id":"https:\/\/stefanodichiara.com\/es\/quien-soy\/#primaryimage"},"thumbnailUrl":"https:\/\/stefanodichiara.com\/wp-content\/uploads\/2025\/06\/image00135-575x1024.jpeg","datePublished":"2020-01-20T10:06:50+00:00","dateModified":"2025-06-25T11:21:26+00:00","breadcrumb":{"@id":"https:\/\/stefanodichiara.com\/es\/quien-soy\/#breadcrumb"},"inLanguage":"en-GB","potentialAction":[{"@type":"ReadAction","target":["https:\/\/stefanodichiara.com\/es\/quien-soy\/"]}]},{"@type":"ImageObject","inLanguage":"en-GB","@id":"https:\/\/stefanodichiara.com\/es\/quien-soy\/#primaryimage","url":"https:\/\/stefanodichiara.com\/wp-content\/uploads\/2025\/06\/image00135-575x1024.jpeg","contentUrl":"https:\/\/stefanodichiara.com\/wp-content\/uploads\/2025\/06\/image00135-575x1024.jpeg"},{"@type":"BreadcrumbList","@id":"https:\/\/stefanodichiara.com\/es\/quien-soy\/#breadcrumb","itemListElement":[{"@type":"ListItem","position":1,"name":"Portada","item":"http:\/\/stefanodichiara.com\/"},{"@type":"ListItem","position":2,"name":"Quien soy"}]},{"@type":"WebSite","@id":"https:\/\/stefanodichiara.com\/#website","url":"https:\/\/stefanodichiara.com\/","name":"Stefano Dichiara","description":"Actor","potentialAction":[{"@type":"SearchAction","target":{"@type":"EntryPoint","urlTemplate":"https:\/\/stefanodichiara.com\/?s={search_term_string}"},"query-input":{"@type":"PropertyValueSpecification","valueRequired":true,"valueName":"search_term_string"}}],"inLanguage":"en-GB"}]}},"_links":{"self":[{"href":"https:\/\/stefanodichiara.com\/en\/wp-json\/wp\/v2\/pages\/352","targetHints":{"allow":["GET"]}}],"collection":[{"href":"https:\/\/stefanodichiara.com\/en\/wp-json\/wp\/v2\/pages"}],"about":[{"href":"https:\/\/stefanodichiara.com\/en\/wp-json\/wp\/v2\/types\/page"}],"author":[{"embeddable":true,"href":"https:\/\/stefanodichiara.com\/en\/wp-json\/wp\/v2\/users\/1"}],"replies":[{"embeddable":true,"href":"https:\/\/stefanodichiara.com\/en\/wp-json\/wp\/v2\/comments?post=352"}],"version-history":[{"count":39,"href":"https:\/\/stefanodichiara.com\/en\/wp-json\/wp\/v2\/pages\/352\/revisions"}],"predecessor-version":[{"id":2281,"href":"https:\/\/stefanodichiara.com\/en\/wp-json\/wp\/v2\/pages\/352\/revisions\/2281"}],"wp:attachment":[{"href":"https:\/\/stefanodichiara.com\/en\/wp-json\/wp\/v2\/media?parent=352"}],"curies":[{"name":"wp","href":"https:\/\/api.w.org\/{rel}","templated":true}]}}